{"id":2,"date":"2015-04-21T07:39:44","date_gmt":"2015-04-21T07:39:44","guid":{"rendered":"https:\/\/blogue.vivrelibre.fr\/informatique\/?page_id=2"},"modified":"2016-07-16T08:37:52","modified_gmt":"2016-07-16T07:37:52","slug":"page-d-exemple","status":"publish","type":"page","link":"https:\/\/blogue.vivrelibre.fr\/informatique\/","title":{"rendered":"Pr\u00e9sentation"},"content":{"rendered":"<h3>Bienvenue sur le\u00a0site de l&rsquo;Informatique Lib\u00e9r\u00e9e.<\/h3>\n<p>Nous avons cr\u00e9\u00e9 ce site pour publier quelques trucs et m\u00e9thodes qui permettent de rendre la vie avec les ordinateurs plus facile.<\/p>\n<p>Vous pourrez publier des commentaires pour donner votre avis (forc\u00e9ment constructif).<\/p>\n<hr \/>\n<p>Ce site fait partie du r\u00e9seau <a href=\"https:\/\/blogue.vivrelibre.fr\/\">Vivre Libre<\/a>.<\/p>\n","protected":false},"excerpt":{"rendered":"<p>Bienvenue sur le\u00a0site de l&rsquo;Informatique Lib\u00e9r\u00e9e. Nous avons cr\u00e9\u00e9 ce site pour publier quelques trucs et m\u00e9thodes qui permettent de rendre la vie avec les ordinateurs plus facile. Vous pourrez publier des commentaires pour donner votre avis (forc\u00e9ment constructif). Ce site fait partie du r\u00e9seau Vivre Libre.<\/p>\n","protected":false},"author":1,"featured_media":0,"parent":0,"menu_order":0,"comment_status":"closed","ping_status":"open","template":"","meta":{"footnotes":""},"class_list":["post-2","page","type-page","status-publish","hentry"],"_links":{"self":[{"href":"https:\/\/blogue.vivrelibre.fr\/informatique\/wp-json\/wp\/v2\/pages\/2","targetHints":{"allow":["GET"]}}],"collection":[{"href":"https:\/\/blogue.vivrelibre.fr\/informatique\/wp-json\/wp\/v2\/pages"}],"about":[{"href":"https:\/\/blogue.vivrelibre.fr\/informatique\/wp-json\/wp\/v2\/types\/page"}],"author":[{"embeddable":true,"href":"https:\/\/blogue.vivrelibre.fr\/informatique\/wp-json\/wp\/v2\/users\/1"}],"replies":[{"embeddable":true,"href":"https:\/\/blogue.vivrelibre.fr\/informatique\/wp-json\/wp\/v2\/comments?post=2"}],"version-history":[{"count":4,"href":"https:\/\/blogue.vivrelibre.fr\/informatique\/wp-json\/wp\/v2\/pages\/2\/revisions"}],"predecessor-version":[{"id":15,"href":"https:\/\/blogue.vivrelibre.fr\/informatique\/wp-json\/wp\/v2\/pages\/2\/revisions\/15"}],"wp:attachment":[{"href":"https:\/\/blogue.vivrelibre.fr\/informatique\/wp-json\/wp\/v2\/media?parent=2"}],"curies":[{"name":"wp","href":"https:\/\/api.w.org\/{rel}","templated":true}]}}